{"id":1286,"date":"2025-05-23T11:15:04","date_gmt":"2025-05-23T10:15:04","guid":{"rendered":"https:\/\/fridayroll.org\/?page_id=1286"},"modified":"2025-06-20T08:49:54","modified_gmt":"2025-06-20T07:49:54","slug":"bonus","status":"publish","type":"page","link":"https:\/\/fridayroll.org\/it\/bonus\/","title":{"rendered":"Bonus"},"content":{"rendered":"<h1>Fridayroll Casino Codici Promo<\/h1>\n<p>Fridayroll Casino offre ai propri giocatori continui codici promo nel suo casin\u00f2 online per l\u2019opportunit\u00e0 di vincere sempre di pi\u00f9. La Fridayroll casino promo \u00e8 un meccanismo di codici promo da casino online che ti regala soldi sul saldo, giri gratuiti e pacchetti bonus.<\/p>\n<p>La variet\u00e0 di codici promo \u00e8 davvero notevole e ai giocatori pi\u00f9 affiatati interessa conoscerli tutti in dettaglio per non perdersi mai un\u2019occasione e \u2014 perch\u00e9 no? \u2014 avvantaggiarsi sugli altri. Di seguito ne troverai elencati e spiegati alcuni. Ma come sempre, provare per credere!<\/p>\n<p>I codici promo di Fridayroll Casino servono a rendere il gioco pi\u00f9 avvincente a lungo termine. Premiano i giocatori pi\u00f9 attivi, danno un benvenuto di orientamento ai nuovi registrati e aggiungono quel pizzico di novit\u00e0 in pi\u00f9 al gioco per non annoiarsi mai.<\/p>\n<p><div class=\"banner-wrap\" aria-label=\"Banner\"><img src=\"https:\/\/fridayroll.org\/wp-content\/uploads\/2025\/02\/FridayRoll-desktop.png\" class=\"w-100 d-none d-lg-block img-pc main-banner-img\" alt=\"FridayRoll desktop\" fetchpriority=\"high\" decoding=\"async\"><img src=\"https:\/\/fridayroll.org\/wp-content\/uploads\/2025\/02\/FridayRoll-mobile.png\" class=\"w-100 d-none d-md-block d-lg-none main-banner-img\" alt=\"FridayRoll mobile\" fetchpriority=\"high\" decoding=\"async\"><img src=\"https:\/\/fridayroll.org\/wp-content\/uploads\/2025\/02\/FridayRoll-mobile.png\" class=\"w-100 d-md-none\" alt=\"FridayRoll mobile\" fetchpriority=\"high\" decoding=\"async\"><div class=\"banner-description\">\n<div class=\"banner-title\">Bonus di benvenuto<\/div>\n<p class=\"banner-header-title\">450 \u20ac<\/p>\n<div class=\"banner-header-AdditionalText\">+ 250 giri gratuiti<\/div>\n<button data-item=\"homepage_banner_link\" class=\"goto m-button m-gradient-border m-button--primary m-button--large banner-button btn-orange\">\n            <div class=\"m-button-content\">\n                <span>Registrati Ora<\/span>\n                <span><\/span>\n            <\/div>\n        <\/button>\n<\/div>\n<div class=\"WelcomePack\">\n<p><img decoding=\"async\" src=\"https:\/\/cdn.aramuz.net\/front\/components\/home\/welcome-crown.svg\" alt=\"\" \/><\/p>\n<div class=\"WelcomePack-Info\">Cashback settimanale fino al 25%<\/div>\n<p><img decoding=\"async\" src=\"https:\/\/cdn.aramuz.net\/front\/components\/home\/welcome-crown.svg\" alt=\"\" \/><\/p>\n<\/div>\n<\/div><div class=\"scrollable-content-wrap my-5\"><div class=\"scrollable-content-inner\"><h2>Pacchetti di Benvenuto di Fridayroll Casino<\/h2>\n<p>Ci sono prima di tutto i Pacchetti di Benvenuto di Fridayroll Casino che accolgono i giocatori neo iscritti permettendogli di lanciarsi subito nel gioco e perseguire i loro primi successi.<\/p>\n<p>Quando fai accesso al sito di Fridayroll Casino dopo la registrazione avrai modo di versare il tuo primo deposito e di veder illustrati eventuali bonus, compresi i Pacchetti di Benvenuto, associati a quell\u2019azione. I Pacchetti di Benvenuto sono delle ricompense alla pari dei codici promo che offrono una serie di benefici del momento.<\/p>\n<p>I vantaggi del Pacchetto di Benvenuto di Fridayroll Casino sono notevoli: un bonus al tuo saldo di gioco, l\u2019opportunit\u00e0 di partire forte e ambire fin da subito al colpo grosso, pi\u00f9 eventuali addizionali come cashback associati o giri gratuiti. \u00c8 cos\u00ec che alcuni giocatori partono col botto ed entrano nel vivo dei giochi pi\u00f9 intensi fin da subito, senza perdere tempo.<\/p>\n<p>Alcuni Pacchetti di Benvenuto che Fridayroll Casino ha offerto in passato sono:<\/p>\n<ul>\n<li aria-level=\"1\">Bonus Primo Deposito del 100% + 150 Giri Gratuiti;<\/li>\n<li aria-level=\"1\">Bonus Secondo Deposito del 55% + 100 Giri Gratuiti;<\/li>\n<li aria-level=\"1\">Bonus Terzo Deposito del 100%.<\/li>\n<\/ul>\n<p>Per i dettagli sui Pacchetti di Benvenuto come bonus ti consigliamo di leggere la pagina dedicata sul sito web di Fridayroll Casino che comprende informazioni su tutti i bonus e premi attualmente attivi e applicati sulla piattaforma.<\/p>\n<h2>Bonus senza Deposito di Fridayroll Casino<\/h2>\n<p>Scoprirai per\u00f2 presto che esistono anche i Bonus senza Deposito di Fridayroll Casino che appunto non hanno richiesta di deposito fondi prima di essere riconosciuti al giocatore e accreditati sul saldo.<\/p>\n<p>Presta attenzione al momento di registrazione e di primo accesso al sito web di Fridayroll Casino. Se disponibile, la piattaforma ti indicher\u00e0 la possibilit\u00e0 di attivare in partenza un bonus senza deposito per avviarti subito al gioco, senza indugio.<\/p>\n<p>I bonus senza deposito sono un\u2019ottima occasione per il giocatore alle prime armi. Ha la possibilit\u00e0 di saggiare il gioco con posta in palio ma senza mettere il proprio capitale a rischio. Come coi giri gratuiti di Fridayroll, questa opportunit\u00e0 di partire in gran stile col gioco online contribuisce a rendere l\u2019inizio con la piattaforma agevole e soddisfacente.<\/p>\n<p>Non sorprende che i bonus senza deposito come incentivo al gioco e alla sperimentazione siano diventati comuni nei maggiori casin\u00f2 online che ne riconoscono l\u2019utilit\u00e0 e il potenziale d\u2019intrattenimento.<\/p>\n<p>Anche Fridayroll Casino assicura ai propri giocatori l\u2019opportunit\u00e0 di partire con un bonus senza deposito. Si consiglia di consultare la pagina del sito dedicata ai bonus per visualizzare tutti i termini e condizioni del gioco su Fridayroll Casino.<\/p>\n<h2><img loading=\"lazy\" decoding=\"async\" class=\"aligncenter wp-image-1360 size-full\" src=\"https:\/\/fridayroll.org\/wp-content\/uploads\/2025\/06\/JUu95ksazfsRYqwuRNHo.png\" alt=\"friday roll promo codes\" width=\"1248\" height=\"536\" srcset=\"https:\/\/fridayroll.org\/wp-content\/uploads\/2025\/06\/JUu95ksazfsRYqwuRNHo.png 1248w, https:\/\/fridayroll.org\/wp-content\/uploads\/2025\/06\/JUu95ksazfsRYqwuRNHo-300x129.png 300w, https:\/\/fridayroll.org\/wp-content\/uploads\/2025\/06\/JUu95ksazfsRYqwuRNHo-1024x440.png 1024w, https:\/\/fridayroll.org\/wp-content\/uploads\/2025\/06\/JUu95ksazfsRYqwuRNHo-768x330.png 768w\" sizes=\"auto, (max-width: 1248px) 100vw, 1248px\" \/><\/h2>\n<h2>Bonus VIP di Fridayroll Casino<\/h2>\n<p>Cos\u00ec come fanno le migliori piattaforme di gioco online, anche Fridayroll Casino assicura ai giocatori pi\u00f9 dedicati un Bonus VIP di gioco.<\/p>\n<p>Interagendo con la piattaforma, facendo depositi e raccogliendo le vincite il giocatore riceve progressivamente una serie di bonus e offerte esclusive legate alla sua esperienza specifica di gioco. Si tratta di bonus premiali e bonus incentivanti che, nel caso di Fridayroll Casino, vogliono includere quanti pi\u00f9 giocatori possibile e premiare in modo particolare i giocatori VIP.<\/p>\n<p>I Bonus VIP permettono dei privilegi specifici legati ai depositi, ai prelievi e ai cashback. Il giocatore veterano pu\u00f2 cos\u00ec ricevere quantitativi bonus speciali quando deposita denaro sul conto e avere accesso a massimali di prelievo speciali quando desidera riscuotere le proprie vincite. I clienti VIP della piattaforma ricevono inoltre priorit\u00e0 nell\u2019accredito dei prelievi da loro richiesti.<\/p>\n<p>I bonus VIP consistono poi di promo esclusive e accesso a tornei VIP. Questa clientela del sito Fridayroll Casino riceve poi un assistente dedicato al proprio account per risolvere qualsiasi problema o difficolt\u00e0 legati alla piattaforma.<\/p>\n<p>Per verificare l\u2019attuale disponibilit\u00e0 del Bonus VIP di Fridayroll Casino e le condizionalit\u00e0 associate si rimanda alla pagina del sito dedicata alla spiegazione dei bonus e delle promozioni.<\/p>\n<h2>Tornei Attivi di Fridayroll Casino<\/h2>\n<p>Fridayroll Casino mette inoltre a disposizione un sistema di Tornei Attivi che ti permette di rendere il tuo gioco ancor pi\u00f9 interattivo, sociale e soddisfacente.<\/p>\n<p>Su Fridayroll Casino il giocatore pu\u00f2 scegliere di mettersi in gara con altri giocatori e prendere parti in avvincenti tornei di gioco per vincere premi aggiuntivi. I tornei attivi di Fridayroll Casino comprendono una variet\u00e0 di tipologie di gioco. Butta un occhio su quelli che possono essere in corso al momento nei giochi slot machine, nei giochi di live casino e di roulette.<\/p>\n<p>I tornei diventano un\u2019opportunit\u00e0 di far valere ancora di pi\u00f9 le proprie scommesse di gioco per piazzarsi in graduatorie e vedere quanto in l\u00e0 siamo capaci di andare rispetto a tutti gli altri giocatori partecipanti. La piattaforma assegna variamente punteggi per le scommesse e vincite che il giocatore consegue giocando e ne fa calcolo e assegnazione in tempo reale.<\/p>\n<p>I tornei su Fridayroll Casino diventano cos\u00ec la dimensione sociale del gioco che ci permette di divertirci assieme agli altri giocatori. Per i dettagli sulle modalit\u00e0 e i termini tecnici dei tornei di Fridayroll Casino fare sempre riferimento alla pagina informativa dedicata sul sito e notare le indicazioni informative che la piattaforma produce man mano che si procede nel gioco.<\/p>\n<h2>Termini e condizioni dei bonus<\/h2>\n<p>I termini e condizioni dei bonus su Fridayroll Casino sono consultabili nella pagina del sito dedicata ai bonus e alle promozioni. Si consiglia di visionare tale prospetto informativo per capire bene le dinamiche con cui i bonus vengono riconosciuti ed erogati e per conoscere alcune limitazioni.<\/p>\n<p>Ci sono requisiti di scommessa (wagering) associati ai vari bonus, cos\u00ec come dei periodi di tempo in cui tali bonus si applicano. Inoltre alcuni bonus sono vincolati dalle tipologie di giochi su cui possono applicarsi.<\/p>\n<p>Come i depositi e i prelievi, anche i bonus possono richiedere un ammontare minimo depositato o messo in palio. L\u2019utente vedr\u00e0 indicato, per esempio, il bonus che la piattaforma associa al suo deposito nel momento in cui apre la schermata dei depositi ed inserisce un certo ammontare dopo aver scelto un certo metodo di pagamento.<\/p>\n<p>La piattaforma riserva bonus diversi a depositi di diversa portata in periodi diversi dell\u2019anno. Vale sempre la pena recarsi direttamente sul sito di Fridayroll Casino per verificare l\u2019attuale disponibilit\u00e0 di un certo bonus e dei suoi termini e limiti vigenti.<\/p>\n<p>Queste condizionalit\u00e0 si trovano indicate sulla piattaforma nelle varie schermate dedicate ai depositi, ai prelievi e al gioco in s\u00e9. L\u2019utente deve ottemperare a tutti i requisiti prescritti per un certo bonus per vederselo accreditato.<\/p>\n<h2>FAQ<\/h2>\n<h3>Come si diventa giocatore VIP di Fridayroll Casino?<\/h3>\n<p>Per diventare giocatore VIP di Fridayroll Casino si consiglia di interagire attivamente con la piattaforma, prendere parte in tornei e fare depositi man mano che le proprie scelte di gioco lo richiedono. Il riconoscimento di giocatore VIP \u00e8 riservato agli utenti pi\u00f9 attivi del casin\u00f2 online di Fridayroll e concede una serie di privilegi che la piattaforma sistematicamente offre.<\/p>\n<h3>Quanto spesso Fridayroll Casino offre nuovi bonus?<\/h3>\n<p>Fridayroll Casino offre nuovi bonus quotidiani e continuativi di cui il giocatore costante pu\u00f2 continuamente approfittare. I bonus partono con il Pacchetto di Benvenuto e con il bonus senza deposito, ma arrivano poi anche sotto forma di Giri Gratuiti offerti dalla piattaforma ogni giorno. Ci sono poi i bonus associati ai depositi e ai cashback. I giocatori attivi di Fridayroll vedono nuovi bonus di continuo.<\/p>\n<h3>Posso usare i miei bonus su tutti i giochi di Fridayroll Casino?<\/h3>\n<p>I vari bonus di Fridayroll Casino seguono i termini e le condizioni della piattaforma e possono essere associati a specifiche categorie di giochi e quindi non applicarsi a tutto il catalogo di giochi. Verificare sempre l\u2019applicabilit\u00e0 di un certo bonus leggendo le informazioni che la piattaforma ci propone sullo schermo.<\/p>\n<h3>Come prendo il mio bonus di benvenuto su Fridayroll Casino?<\/h3>\n<p>Per prendere il tuo bonus di benvenuto su Fridayroll Casino \u00e8 sufficiente iscriversi e fare accesso al sito da utente registrato e poi fare un deposito. Nella schermata dei depositi saranno gi\u00e0 presenti indicazioni sull\u2019eventuale bonus di benvenuto che si applica sull\u2019ammontare scelto. In generale, i bonus si paleseranno sullo schermo man mano che il giocatore procede.<\/p>\n<h3>Posso prendere pi\u00f9 di un bonus su Fridayroll Casino?<\/h3>\n<p>Sono possibili vari bonus su Fridayroll Casino, ma prima di richiedere pi\u00f9 di un bonus si consiglia di verificare i termini associati a ciascuno per non incorrere in incompatibilit\u00e0. \u00c8 consigliato avvalersi di un bonus alla volta per essere sicuri di approfittarne al meglio prima di passare al successivo.<\/p>\n<h3>Cosa fare se il mio bonus non appare dopo che ho fatto il deposito?<\/h3>\n<p>Prestare attenzione a indicare che si accetta il bonus di benvenuto durante la fase di deposito. Se il bonus non appare dopo che si \u00e8 fatto il deposito attendere un attimo e aggiornare la pagina. Se comunque non appare, consultare l\u2019assistenza clienti di Fridayroll Casino richiedendo il proprio bonus di benvenuto.<\/p>\n<h3>Come controllo i termini dei vari bonus?<\/h3>\n<p>Fridayroll Casino dedica una pagina del proprio sito ai termini e condizioni dei vari bonus e promozioni. Si consiglia di consultare tale pagina per conoscere i requisiti dei vari bonus ed eventuali incompatibilit\u00e0 fra loro. Puoi inoltre richiede quest\u2019informazione rivolgendoti al servizio di assistenza clienti, per esempio per mezzo della live chat.<\/p>\n<\/div><\/div><\/p>\n","protected":false},"excerpt":{"rendered":"<p>Fridayroll Casino Codici Promo Fridayroll Casino offre ai propri giocatori continui codici promo nel suo casin\u00f2 online per l\u2019opportunit\u00e0 di vincere sempre di pi\u00f9. La Fridayroll casino promo \u00e8 un meccanismo di codici promo da casino online che ti regala soldi sul saldo, giri gratuiti e pacchetti bonus. La variet\u00e0 di codici promo \u00e8 davvero [&hellip;]<\/p>\n","protected":false},"author":1,"featured_media":0,"parent":0,"menu_order":0,"comment_status":"closed","ping_status":"closed","template":"template-builder.php","meta":{"_acf_changed":false,"inline_featured_image":false,"footnotes":""},"class_list":["post-1286","page","type-page","status-publish","hentry"],"acf":[],"yoast_head":"<!-- This site is optimized with the Yoast SEO plugin v27.4 - https:\/\/yoast.com\/product\/yoast-seo-wordpress\/ -->\n<title>Fridayroll Casino Codici Promo 2025 \u2b50 Prendi il tuo codice promo bonus senza deposito<\/title>\n<meta name=\"description\" content=\"Usa i codici bonus di Fridayroll Casino \u2705 Goditi il bonus senza deposito, un Pacchetto di Benvenuto di 450\u20ac + 250 Giri Gratuiti e tornei giornalieri da 2500\u20ac!\ud83e\udd11\" \/>\n<meta name=\"robots\" content=\"index, follow, max-snippet:-1, max-image-preview:large, max-video-preview:-1\" \/>\n<link rel=\"canonical\" href=\"https:\/\/fridayroll.org\/it\/bonus\/\" \/>\n<meta property=\"og:locale\" content=\"it_IT\" \/>\n<meta property=\"og:type\" content=\"article\" \/>\n<meta property=\"og:title\" content=\"Fridayroll Casino Codici Promo 2025 \u2b50 Prendi il tuo codice promo bonus senza deposito\" \/>\n<meta property=\"og:description\" content=\"Usa i codici bonus di Fridayroll Casino \u2705 Goditi il bonus senza deposito, un Pacchetto di Benvenuto di 450\u20ac + 250 Giri Gratuiti e tornei giornalieri da 2500\u20ac!\ud83e\udd11\" \/>\n<meta property=\"og:url\" content=\"https:\/\/fridayroll.org\/it\/bonus\/\" \/>\n<meta property=\"og:site_name\" content=\"fridayroll\" \/>\n<meta property=\"article:modified_time\" content=\"2025-06-20T07:49:54+00:00\" \/>\n<meta name=\"twitter:card\" content=\"summary_large_image\" \/>\n<meta name=\"twitter:label1\" content=\"Est. reading time\" \/>\n\t<meta name=\"twitter:data1\" content=\"1 minuto\" \/>\n<script type=\"application\/ld+json\" class=\"yoast-schema-graph\">{\"@context\":\"https:\\\/\\\/schema.org\",\"@graph\":[{\"@type\":\"WebPage\",\"@id\":\"https:\\\/\\\/fridayroll.org\\\/it\\\/bonus\\\/\",\"url\":\"https:\\\/\\\/fridayroll.org\\\/it\\\/bonus\\\/\",\"name\":\"Fridayroll Casino Codici Promo 2025 \u2b50 Prendi il tuo codice promo bonus senza deposito\",\"isPartOf\":{\"@id\":\"https:\\\/\\\/fridayroll.org\\\/it\\\/#website\"},\"datePublished\":\"2025-05-23T10:15:04+00:00\",\"dateModified\":\"2025-06-20T07:49:54+00:00\",\"description\":\"Usa i codici bonus di Fridayroll Casino \u2705 Goditi il bonus senza deposito, un Pacchetto di Benvenuto di 450\u20ac + 250 Giri Gratuiti e tornei giornalieri da 2500\u20ac!\ud83e\udd11\",\"breadcrumb\":{\"@id\":\"https:\\\/\\\/fridayroll.org\\\/it\\\/bonus\\\/#breadcrumb\"},\"inLanguage\":\"it-IT\",\"potentialAction\":[{\"@type\":\"ReadAction\",\"target\":[\"https:\\\/\\\/fridayroll.org\\\/it\\\/bonus\\\/\"]}]},{\"@type\":\"BreadcrumbList\",\"@id\":\"https:\\\/\\\/fridayroll.org\\\/it\\\/bonus\\\/#breadcrumb\",\"itemListElement\":[{\"@type\":\"ListItem\",\"position\":1,\"name\":\"Fridayroll\",\"item\":\"https:\\\/\\\/fridayroll.org\\\/it\\\/\"},{\"@type\":\"ListItem\",\"position\":2,\"name\":\"Bonus\"}]},{\"@type\":\"WebSite\",\"@id\":\"https:\\\/\\\/fridayroll.org\\\/it\\\/#website\",\"url\":\"https:\\\/\\\/fridayroll.org\\\/it\\\/\",\"name\":\"Fridayroll\",\"description\":\"\",\"publisher\":{\"@id\":\"https:\\\/\\\/fridayroll.org\\\/it\\\/#organization\"},\"potentialAction\":[{\"@type\":\"SearchAction\",\"target\":{\"@type\":\"EntryPoint\",\"urlTemplate\":\"https:\\\/\\\/fridayroll.org\\\/it\\\/?s={search_term_string}\"},\"query-input\":{\"@type\":\"PropertyValueSpecification\",\"valueRequired\":true,\"valueName\":\"search_term_string\"}}],\"inLanguage\":\"it-IT\"},{\"@type\":\"Organization\",\"@id\":\"https:\\\/\\\/fridayroll.org\\\/it\\\/#organization\",\"name\":\"Fridayroll\",\"url\":\"https:\\\/\\\/fridayroll.org\\\/it\\\/\",\"logo\":{\"@type\":\"ImageObject\",\"inLanguage\":\"it-IT\",\"@id\":\"https:\\\/\\\/fridayroll.org\\\/it\\\/#\\\/schema\\\/logo\\\/image\\\/\",\"url\":\"https:\\\/\\\/fridayroll.org\\\/wp-content\\\/uploads\\\/2025\\\/02\\\/Casino-logo-Desktop.png\",\"contentUrl\":\"https:\\\/\\\/fridayroll.org\\\/wp-content\\\/uploads\\\/2025\\\/02\\\/Casino-logo-Desktop.png\",\"width\":145,\"height\":55,\"caption\":\"Fridayroll\"},\"image\":{\"@id\":\"https:\\\/\\\/fridayroll.org\\\/it\\\/#\\\/schema\\\/logo\\\/image\\\/\"}}]}<\/script>\n<!-- \/ Yoast SEO plugin. -->","yoast_head_json":{"title":"Fridayroll Casino Codici Promo 2025 \u2b50 Prendi il tuo codice promo bonus senza deposito","description":"Usa i codici bonus di Fridayroll Casino \u2705 Goditi il bonus senza deposito, un Pacchetto di Benvenuto di 450\u20ac + 250 Giri Gratuiti e tornei giornalieri da 2500\u20ac!\ud83e\udd11","robots":{"index":"index","follow":"follow","max-snippet":"max-snippet:-1","max-image-preview":"max-image-preview:large","max-video-preview":"max-video-preview:-1"},"canonical":"https:\/\/fridayroll.org\/it\/bonus\/","og_locale":"it_IT","og_type":"article","og_title":"Fridayroll Casino Codici Promo 2025 \u2b50 Prendi il tuo codice promo bonus senza deposito","og_description":"Usa i codici bonus di Fridayroll Casino \u2705 Goditi il bonus senza deposito, un Pacchetto di Benvenuto di 450\u20ac + 250 Giri Gratuiti e tornei giornalieri da 2500\u20ac!\ud83e\udd11","og_url":"https:\/\/fridayroll.org\/it\/bonus\/","og_site_name":"fridayroll","article_modified_time":"2025-06-20T07:49:54+00:00","twitter_card":"summary_large_image","twitter_misc":{"Est. reading time":"1 minuto"},"schema":{"@context":"https:\/\/schema.org","@graph":[{"@type":"WebPage","@id":"https:\/\/fridayroll.org\/it\/bonus\/","url":"https:\/\/fridayroll.org\/it\/bonus\/","name":"Fridayroll Casino Codici Promo 2025 \u2b50 Prendi il tuo codice promo bonus senza deposito","isPartOf":{"@id":"https:\/\/fridayroll.org\/it\/#website"},"datePublished":"2025-05-23T10:15:04+00:00","dateModified":"2025-06-20T07:49:54+00:00","description":"Usa i codici bonus di Fridayroll Casino \u2705 Goditi il bonus senza deposito, un Pacchetto di Benvenuto di 450\u20ac + 250 Giri Gratuiti e tornei giornalieri da 2500\u20ac!\ud83e\udd11","breadcrumb":{"@id":"https:\/\/fridayroll.org\/it\/bonus\/#breadcrumb"},"inLanguage":"it-IT","potentialAction":[{"@type":"ReadAction","target":["https:\/\/fridayroll.org\/it\/bonus\/"]}]},{"@type":"BreadcrumbList","@id":"https:\/\/fridayroll.org\/it\/bonus\/#breadcrumb","itemListElement":[{"@type":"ListItem","position":1,"name":"Fridayroll","item":"https:\/\/fridayroll.org\/it\/"},{"@type":"ListItem","position":2,"name":"Bonus"}]},{"@type":"WebSite","@id":"https:\/\/fridayroll.org\/it\/#website","url":"https:\/\/fridayroll.org\/it\/","name":"Fridayroll","description":"","publisher":{"@id":"https:\/\/fridayroll.org\/it\/#organization"},"potentialAction":[{"@type":"SearchAction","target":{"@type":"EntryPoint","urlTemplate":"https:\/\/fridayroll.org\/it\/?s={search_term_string}"},"query-input":{"@type":"PropertyValueSpecification","valueRequired":true,"valueName":"search_term_string"}}],"inLanguage":"it-IT"},{"@type":"Organization","@id":"https:\/\/fridayroll.org\/it\/#organization","name":"Fridayroll","url":"https:\/\/fridayroll.org\/it\/","logo":{"@type":"ImageObject","inLanguage":"it-IT","@id":"https:\/\/fridayroll.org\/it\/#\/schema\/logo\/image\/","url":"https:\/\/fridayroll.org\/wp-content\/uploads\/2025\/02\/Casino-logo-Desktop.png","contentUrl":"https:\/\/fridayroll.org\/wp-content\/uploads\/2025\/02\/Casino-logo-Desktop.png","width":145,"height":55,"caption":"Fridayroll"},"image":{"@id":"https:\/\/fridayroll.org\/it\/#\/schema\/logo\/image\/"}}]}},"_links":{"self":[{"href":"https:\/\/fridayroll.org\/it\/wp-json\/wp\/v2\/pages\/1286","targetHints":{"allow":["GET"]}}],"collection":[{"href":"https:\/\/fridayroll.org\/it\/wp-json\/wp\/v2\/pages"}],"about":[{"href":"https:\/\/fridayroll.org\/it\/wp-json\/wp\/v2\/types\/page"}],"author":[{"embeddable":true,"href":"https:\/\/fridayroll.org\/it\/wp-json\/wp\/v2\/users\/1"}],"replies":[{"embeddable":true,"href":"https:\/\/fridayroll.org\/it\/wp-json\/wp\/v2\/comments?post=1286"}],"version-history":[{"count":2,"href":"https:\/\/fridayroll.org\/it\/wp-json\/wp\/v2\/pages\/1286\/revisions"}],"predecessor-version":[{"id":1362,"href":"https:\/\/fridayroll.org\/it\/wp-json\/wp\/v2\/pages\/1286\/revisions\/1362"}],"wp:attachment":[{"href":"https:\/\/fridayroll.org\/it\/wp-json\/wp\/v2\/media?parent=1286"}],"curies":[{"name":"wp","href":"https:\/\/api.w.org\/{rel}","templated":true}]}}